{"id":55,"date":"2022-04-01T13:12:09","date_gmt":"2022-04-01T11:12:09","guid":{"rendered":"https:\/\/as-grimper.fr\/?page_id=55"},"modified":"2025-09-01T14:56:54","modified_gmt":"2025-09-01T12:56:54","slug":"les-cours","status":"publish","type":"page","link":"https:\/\/as-grimper.fr\/index.php\/les-cours\/","title":{"rendered":"Horaires et Tarifs des cours"},"content":{"rendered":"<div class=\"wp-block-image\">\n<figure class=\"alignright size-full is-resized\"><img loading=\"lazy\" decoding=\"async\" width=\"600\" height=\"400\" src=\"https:\/\/as-grimper.fr\/wp-content\/uploads\/2022\/03\/AS-GRIMPER-Mucem2014.jpg\" alt=\"\" class=\"wp-image-22\" style=\"width:548px;height:auto\" srcset=\"https:\/\/as-grimper.fr\/wp-content\/uploads\/2022\/03\/AS-GRIMPER-Mucem2014.jpg 600w, https:\/\/as-grimper.fr\/wp-content\/uploads\/2022\/03\/AS-GRIMPER-Mucem2014-300x200.jpg 300w\" sizes=\"auto, (max-width: 600px) 100vw, 600px\" \/><\/figure>\n<\/div>\n\n\n<p class=\"has-large-font-size\">Inscriptions 2025\/2026<\/p>\n\n\n\n<p><strong>L&rsquo;assurance Responsabilit\u00e9 Civile (RC) et la licence FFME sont comprises.<\/strong><\/p>\n\n\n\n<p class=\"has-text-align-left\"><strong>Mode de paiement accept\u00e9 :&nbsp;Carte coll\u00e9gien, bon Caf,&nbsp;Lettre Sport et possibilit\u00e9 de payer en huit fois.<\/strong><\/p>\n\n\n\n<p><\/p>\n\n\n\n<p class=\"has-vivid-red-color has-text-color\"><strong>Le nombre minimum de participants pour un cours est de 8 personnes. Si ce quota minimal n&rsquo;est pas atteint pour un cr\u00e9neau, il peut \u00eatre annul\u00e9.<\/strong><\/p>\n\n\n\n<p><strong>Attention, l&rsquo;acc\u00e8s aux salles salles Climb Up est inclus pendant le cours de l&rsquo;AS GRIMPER&nbsp; uniquement , mais vous pouvez prendre un abonnement Climb up&nbsp; en option&nbsp; pour grimper en illimit\u00e9 en dehors des cours dans les 4 salles du Sud (<\/strong><em>&nbsp;5 salles avec Climb up&nbsp; Istre l&rsquo;ann\u00e9e prochaine ?)<\/em><strong>&nbsp; ( Option requise pour les groupes comp\u00e9tition)<\/strong><\/p>\n\n\n\n<p><strong><mark style=\"background-color:rgba(0, 0, 0, 0)\" class=\"has-inline-color has-vivid-cyan-blue-color\">GROUPE LOISIR<\/mark><\/strong><\/p>\n\n\n\n<p>1 cours par semaine. Tarif : 455\u20ac<\/p>\n\n\n\n<p><strong><em><u>Salle d\u2019Aix les milles,<\/u><\/em><\/strong><em><u> 260 rue Paul Langevin, 13290 Aix en Provence<\/u><\/em><\/p>\n\n\n\n<ul class=\"wp-block-list\">\n<li><strong>Lundi<\/strong>, 18h30 &#8211; 20h : \u00e0 partir de 16 ans et adultes<\/li>\n\n\n\n<li><strong>Mercredi<\/strong>, 15h30- 17h&nbsp;: 10\/16 ans<\/li>\n\n\n\n<li><strong>Vendredi,<\/strong> 18h -19h30\u00a0: 12\/18 ans<\/li>\n\n\n\n<li><strong>Vendredi<\/strong> (Perfectionnement), 19h30-21h00 : 11\/18 ans<\/li>\n<\/ul>\n\n\n\n<p><strong><u><em>Salle de Marseille la valentine,<\/em><\/u><\/strong><u><em> rue L\u00e9on Bancal, 13011 Marseille<\/em><\/u><\/p>\n\n\n\n<ul class=\"wp-block-list\">\n<li><strong>Mercredi, <\/strong>de 10h00 \u00e0 11h30&nbsp;: 5\/10 ans<\/li>\n\n\n\n<li><strong>Mercredi<\/strong>, de 11h45 \u00e0 13h15&nbsp;: 8\/14&nbsp;ans<\/li>\n\n\n\n<li><strong>Mercredi<\/strong>, de 14h \u00e0 15h30 : 8\/12 ans<\/li>\n\n\n\n<li><strong>Mercredi, <\/strong>de 15h45 \u00e0 17h15 : 10\/16 ans<\/li>\n\n\n\n<li><strong>Mercredi,<\/strong>&nbsp;de 17h30-19h00 12-18 ans<\/li>\n\n\n\n<li><strong>Mercredi,<\/strong>&nbsp;de 19h00-20h30 12-18 ans<\/li>\n\n\n\n<li><strong>Vendredi, <\/strong>de 18h30 \u00e0 20h&nbsp;: 12\/18 ans<\/li>\n\n\n\n<li><strong>Samedi, <\/strong>de 10h00 \u00e0 11h15&nbsp;: &nbsp;5\/10 ans<\/li>\n\n\n\n<li><strong>Samedi<\/strong>,&nbsp;de 11h45-13h15&nbsp;: 8\/16&nbsp;ans<\/li>\n<\/ul>\n\n\n\n<p><strong><mark style=\"background-color:rgba(0, 0, 0, 0)\" class=\"has-inline-color has-vivid-cyan-blue-color\">GROUPE ENTRAINEMENT<\/mark><\/strong><\/p>\n\n\n\n<p>2 cours par semaine. Tarif : 605\u20ac<\/p>\n\n\n\n<p><strong><u><em>Salle de Marseille la valentine,<\/em><\/u><\/strong><u><em> rue L\u00e9on Bancal, 13011 Marseille<\/em><\/u><\/p>\n\n\n\n<ul class=\"wp-block-list\">\n<li><strong>Lundi ,<\/strong>de 18h \u00e0 20 h<\/li>\n\n\n\n<li><strong>Mercredi, <\/strong>de 17h30 \u00e0 19h<\/li>\n<\/ul>\n\n\n\n<p><\/p>\n\n\n\n<p><strong><mark style=\"background-color:rgba(0, 0, 0, 0)\" class=\"has-inline-color has-vivid-cyan-blue-color\">GROUPE COMPETITION<\/mark><\/strong><\/p>\n\n\n\n<p>Tarif: 605\u20ac <a>(<\/a>abonnement Climb Up requis-&gt; +100\u20ac si pris via le club)<\/p>\n\n\n\n<p>Sur d\u00e9tection par nos entraineurs et entraineuses<\/p>\n\n\n\n<p><strong><strong><em><u>Equipe comp\u00e9tition d&rsquo;Aix<\/u><\/em><\/strong><\/strong> (<strong><em><u>Salle d\u2019Aix les milles,<\/u><\/em><\/strong><em><u> 260 rue Paul Langevin, 13290 Aix en Provence<\/u><\/em>)<\/p>\n\n\n\n<h4 class=\"wp-block-heading\">!!! LE GROUPE EST CONSTITU\u00c9 ET COMPLET !!!<\/h4>\n\n\n\n<ul class=\"wp-block-list\">\n<li><strong>Lundi<\/strong>, de 18h00 \u00e0 20h00 \u00e0 Climb up Aix les Milles<\/li>\n\n\n\n<li><strong>Mercredi<\/strong>, de 15h30 \u00e0 18h30 \u00e0 Climb up Bouc-Bel-Air ou autres salles<\/li>\n\n\n\n<li>Vendredi, de 19h30 \u00e0 21h30 \u00e0 Climb up Aix les Milles<\/li>\n<\/ul>\n\n\n\n<p><strong><strong><em><u>Equipes comp\u00e9tition de Marseille<\/u><\/em><\/strong><\/strong> (<strong><u><em>Salle de Marseille la valentine,<\/em><\/u><\/strong><u><em> rue L\u00e9on Bancal, 13011 Marseille<\/em><\/u>)<\/p>\n\n\n\n<p><strong>2 \u00e0 trois cours<\/strong><\/p>\n\n\n\n<p><strong>Groupe Elite (3 cours):<\/strong><\/p>\n\n\n\n<ul class=\"wp-block-list\">\n<li><strong>Lundi<\/strong>, de 18h \u00e0 20h \u00e0 Climb up Marseille La Valentine ou Aubagne<\/li>\n\n\n\n<li><strong>Mercredi<\/strong>, de 13h30 \u00e0 18h au d\u00e9part de Climb up Marseille La Valentine pour d&rsquo;autres salles en minibus + co voiturage<\/li>\n\n\n\n<li><strong>Vendredi<\/strong>, 18h30-20h30 \u00e0 Climb up Marseille La Valentine<\/li>\n<\/ul>\n\n\n\n<p><strong>Equipe espoir ou entrainement mixte (2 cours, bloc + difficult\u00e9):<\/strong><\/p>\n\n\n\n<ul class=\"wp-block-list\">\n<li><strong>Lundi<\/strong>, de 18h \u00e0 20h \u00e0 Climb up Marseille La Valentine<\/li>\n\n\n\n<li><strong>Mercredi<\/strong>, de 13h30 \u00e0 16h30 \u00e0 Climb up Aubagne<\/li>\n<\/ul>\n\n\n\n<p><strong><mark style=\"background-color:rgba(0, 0, 0, 0)\" class=\"has-inline-color has-vivid-cyan-blue-color\">GROUPE SORTIES FALAISE<\/mark><\/strong><\/p>\n\n\n\n<p>Rendez-vous directement sur site (\u00e0 convenir avec le moniteur ou la monitrice)<\/p>\n\n\n\n<ul class=\"wp-block-list\">\n<li>10 s\u00e9ances sur l&rsquo;ann\u00e9e : <strong>290 \u20ac<\/strong><\/li>\n\n\n\n<li>licence FFME obligatoire incluse dans le tarif<\/li>\n<\/ul>\n\n\n\n<p>&nbsp;<strong><mark style=\"background-color:rgba(0, 0, 0, 0)\" class=\"has-inline-color has-vivid-cyan-blue-color\">OPTIONS &nbsp;&nbsp;&nbsp;&nbsp; <\/mark><\/strong><\/p>\n\n\n\n<ul class=\"wp-block-list\">\n<li><strong>Sorties falaises <\/strong>(minimum 8 personnes, 10 sorties)<em> <\/em><strong><em>: 190 \u20ac<\/em><\/strong><\/li>\n\n\n\n<li><strong>Assurance suppl\u00e9mentaire FFME (base, base+,&nbsp; ski, VVT ..)<\/strong> : voir <a rel=\"noreferrer noopener\" href=\"http:\/\/paca.ffme.fr\/index.php\/actualites\/144-saison-2022-tarifs-de-la-licence-en-region-paca\" target=\"_blank\">fiche tarifaire FFME<\/a><\/li>\n\n\n\n<li><strong>Abonnement Climb up <\/strong>(acc\u00e8s&nbsp;aux 4 salles du SUD EST: La Valentine, Aix les Milles, Bouc Bel Air et Aubagne)&nbsp;: <strong>100\u20ac<\/strong><\/li>\n<\/ul>\n\n\n\n<p><\/p>\n\n\n\n<p><\/p>\n","protected":false},"excerpt":{"rendered":"<p>Inscriptions 2025\/2026 L&rsquo;assurance Responsabilit\u00e9 Civile (RC) et la licence FFME sont comprises. Mode de paiement accept\u00e9 :&nbsp;Carte coll\u00e9gien, bon Caf,&nbsp;Lettre Sport et possibilit\u00e9 de payer en huit fois. Le nombre minimum de participants pour un cours est de 8 personnes. Si ce quota minimal n&rsquo;est pas atteint pour un cr\u00e9neau, il peut \u00eatre annul\u00e9. Attention, l&rsquo;acc\u00e8s aux salles salles Climb Up est inclus pendant le cours de l&rsquo;AS GRIMPER&nbsp; uniquement [&hellip;]<\/p>\n","protected":false},"author":6,"featured_media":571,"parent":0,"menu_order":0,"comment_status":"closed","ping_status":"closed","template":"","meta":{"footnotes":""},"class_list":["post-55","page","type-page","status-publish","hentry"],"publishpress_future_action":{"enabled":false,"date":"2026-05-07 02:59:22","action":"change-status","newStatus":"draft","terms":[],"taxonomy":""},"_links":{"self":[{"href":"https:\/\/as-grimper.fr\/index.php\/wp-json\/wp\/v2\/pages\/55","targetHints":{"allow":["GET"]}}],"collection":[{"href":"https:\/\/as-grimper.fr\/index.php\/wp-json\/wp\/v2\/pages"}],"about":[{"href":"https:\/\/as-grimper.fr\/index.php\/wp-json\/wp\/v2\/types\/page"}],"author":[{"embeddable":true,"href":"https:\/\/as-grimper.fr\/index.php\/wp-json\/wp\/v2\/users\/6"}],"replies":[{"embeddable":true,"href":"https:\/\/as-grimper.fr\/index.php\/wp-json\/wp\/v2\/comments?post=55"}],"version-history":[{"count":43,"href":"https:\/\/as-grimper.fr\/index.php\/wp-json\/wp\/v2\/pages\/55\/revisions"}],"predecessor-version":[{"id":640,"href":"https:\/\/as-grimper.fr\/index.php\/wp-json\/wp\/v2\/pages\/55\/revisions\/640"}],"wp:featuredmedia":[{"embeddable":true,"href":"https:\/\/as-grimper.fr\/index.php\/wp-json\/wp\/v2\/media\/571"}],"wp:attachment":[{"href":"https:\/\/as-grimper.fr\/index.php\/wp-json\/wp\/v2\/media?parent=55"}],"curies":[{"name":"wp","href":"https:\/\/api.w.org\/{rel}","templated":true}]}}