{"id":37,"date":"2022-04-01T12:14:09","date_gmt":"2022-04-01T10:14:09","guid":{"rendered":"https:\/\/as-grimper.fr\/?page_id=37"},"modified":"2022-04-27T16:35:55","modified_gmt":"2022-04-27T14:35:55","slug":"lequipe-de-las-grimper","status":"publish","type":"page","link":"https:\/\/as-grimper.fr\/index.php\/lequipe-de-las-grimper\/","title":{"rendered":"L&rsquo;\u00e9quipe"},"content":{"rendered":"\n<div class=\"wp-block-query is-layout-flow wp-block-query-is-layout-flow\"><ul class=\"is-flex-container columns-3 wp-block-post-template is-layout-flow wp-block-post-template-is-layout-flow\"><li class=\"wp-block-post post-608 post type-post status-publish format-standard hentry category-lequipe category-les-moniteurs\">\n\n<div class=\"wp-block-columns are-vertically-aligned-top is-layout-flex wp-container-core-columns-is-layout-9d6595d7 wp-block-columns-is-layout-flex\">\n<div class=\"wp-block-column is-vertically-aligned-top is-layout-flow wp-block-column-is-layout-flow\" style=\"flex-basis:100%\">\n<div class=\"wp-block-group\"><div class=\"wp-block-group__inner-container is-layout-flow wp-block-group-is-layout-flow\"><h3 class=\"has-text-align-center wp-block-post-title\"><a href=\"https:\/\/as-grimper.fr\/index.php\/2025\/05\/28\/romane-ricard-monitrice\/\" target=\"_self\" >Romane RICART &#8211; Monitrice<\/a><\/h3><\/div><\/div>\n<\/div>\n<\/div>\n\n\n<figure style=\"height:200px;\" class=\"aligncenter wp-block-post-featured-image\"><a href=\"https:\/\/as-grimper.fr\/index.php\/2025\/05\/28\/romane-ricard-monitrice\/\" target=\"_self\"  style=\"height:200px\"><img loading=\"lazy\" decoding=\"async\" width=\"479\" height=\"639\" src=\"https:\/\/as-grimper.fr\/wp-content\/uploads\/2025\/05\/IMG_5808.jpeg\" class=\"attachment-post-thumbnail size-post-thumbnail wp-post-image\" alt=\"Romane RICART &#8211; Monitrice\" style=\"height:200px;object-fit:contain;\" srcset=\"https:\/\/as-grimper.fr\/wp-content\/uploads\/2025\/05\/IMG_5808.jpeg 479w, https:\/\/as-grimper.fr\/wp-content\/uploads\/2025\/05\/IMG_5808-225x300.jpeg 225w\" sizes=\"auto, (max-width: 479px) 100vw, 479px\" \/><\/a><\/figure>\n\n<div class=\"wp-block-post-excerpt\"><p class=\"wp-block-post-excerpt__excerpt\">Romane est monitrice \u00e0 Marseille <\/p><\/div>\n\n\n<hr class=\"wp-block-separator\"\/>\n\n<\/li><li class=\"wp-block-post post-606 post type-post status-publish format-standard hentry category-lequipe category-le-bureau\">\n\n<div class=\"wp-block-columns are-vertically-aligned-top is-layout-flex wp-container-core-columns-is-layout-9d6595d7 wp-block-columns-is-layout-flex\">\n<div class=\"wp-block-column is-vertically-aligned-top is-layout-flow wp-block-column-is-layout-flow\" style=\"flex-basis:100%\">\n<div class=\"wp-block-group\"><div class=\"wp-block-group__inner-container is-layout-flow wp-block-group-is-layout-flow\"><h3 class=\"has-text-align-center wp-block-post-title\"><a href=\"https:\/\/as-grimper.fr\/index.php\/2025\/05\/28\/carole-collard-secretaire-adjointe\/\" target=\"_self\" >Carole COLLARD &#8211; Secr\u00e9taire adjointe<\/a><\/h3><\/div><\/div>\n<\/div>\n<\/div>\n\n\n\n\n<div class=\"wp-block-post-excerpt\"><p class=\"wp-block-post-excerpt__excerpt\">Carole est la secr\u00e9taire adjointe id\u00e9ale ! <\/p><\/div>\n\n\n<hr class=\"wp-block-separator\"\/>\n\n<\/li><li class=\"wp-block-post post-603 post type-post status-publish format-standard hentry category-lequipe category-les-moniteurs category-non-classe\">\n\n<div class=\"wp-block-columns are-vertically-aligned-top is-layout-flex wp-container-core-columns-is-layout-9d6595d7 wp-block-columns-is-layout-flex\">\n<div class=\"wp-block-column is-vertically-aligned-top is-layout-flow wp-block-column-is-layout-flow\" style=\"flex-basis:100%\">\n<div class=\"wp-block-group\"><div class=\"wp-block-group__inner-container is-layout-flow wp-block-group-is-layout-flow\"><h3 class=\"has-text-align-center wp-block-post-title\"><a href=\"https:\/\/as-grimper.fr\/index.php\/2025\/05\/28\/leane-iaggi-monitrice\/\" target=\"_self\" >L\u00e9ane IAGGI &#8211; Monitrice<\/a><\/h3><\/div><\/div>\n<\/div>\n<\/div>\n\n\n<figure style=\"height:200px;\" class=\"aligncenter wp-block-post-featured-image\"><a href=\"https:\/\/as-grimper.fr\/index.php\/2025\/05\/28\/leane-iaggi-monitrice\/\" target=\"_self\"  style=\"height:200px\"><img loading=\"lazy\" decoding=\"async\" width=\"384\" height=\"512\" src=\"https:\/\/as-grimper.fr\/wp-content\/uploads\/2025\/05\/leane-e1748852279638.jpg\" class=\"attachment-post-thumbnail size-post-thumbnail wp-post-image\" alt=\"L\u00e9ane IAGGI &#8211; Monitrice\" style=\"height:200px;object-fit:contain;\" \/><\/a><\/figure>\n\n<div class=\"wp-block-post-excerpt\"><p class=\"wp-block-post-excerpt__excerpt\">L\u00e9ane est monitrice \u00e0 Marseille <\/p><\/div>\n\n\n<hr class=\"wp-block-separator\"\/>\n\n<\/li><li class=\"wp-block-post post-601 post type-post status-publish format-standard hentry category-lequipe category-les-moniteurs\">\n\n<div class=\"wp-block-columns are-vertically-aligned-top is-layout-flex wp-container-core-columns-is-layout-9d6595d7 wp-block-columns-is-layout-flex\">\n<div class=\"wp-block-column is-vertically-aligned-top is-layout-flow wp-block-column-is-layout-flow\" style=\"flex-basis:100%\">\n<div class=\"wp-block-group\"><div class=\"wp-block-group__inner-container is-layout-flow wp-block-group-is-layout-flow\"><h3 class=\"has-text-align-center wp-block-post-title\"><a href=\"https:\/\/as-grimper.fr\/index.php\/2025\/05\/28\/tom-iaggi\/\" target=\"_self\" >Tom IAGGI &#8211; Moniteur<\/a><\/h3><\/div><\/div>\n<\/div>\n<\/div>\n\n\n\n\n<div class=\"wp-block-post-excerpt\"><p class=\"wp-block-post-excerpt__excerpt\">Tom est moniteur \u00e0 Marseille <\/p><\/div>\n\n\n<hr class=\"wp-block-separator\"\/>\n\n<\/li><li class=\"wp-block-post post-349 post type-post status-publish format-standard hentry category-lequipe category-les-moniteurs\">\n\n<div class=\"wp-block-columns are-vertically-aligned-top is-layout-flex wp-container-core-columns-is-layout-9d6595d7 wp-block-columns-is-layout-flex\">\n<div class=\"wp-block-column is-vertically-aligned-top is-layout-flow wp-block-column-is-layout-flow\" style=\"flex-basis:100%\">\n<div class=\"wp-block-group\"><div class=\"wp-block-group__inner-container is-layout-flow wp-block-group-is-layout-flow\"><h3 class=\"has-text-align-center wp-block-post-title\"><a href=\"https:\/\/as-grimper.fr\/index.php\/2023\/06\/15\/aymeric-freze\/\" target=\"_self\" >Aymeric  FREZE &#8211; Moniteur<\/a><\/h3><\/div><\/div>\n<\/div>\n<\/div>\n\n\n<figure style=\"height:200px;\" class=\"aligncenter wp-block-post-featured-image\"><a href=\"https:\/\/as-grimper.fr\/index.php\/2023\/06\/15\/aymeric-freze\/\" target=\"_self\"  style=\"height:200px\"><img loading=\"lazy\" decoding=\"async\" width=\"300\" height=\"300\" src=\"https:\/\/as-grimper.fr\/wp-content\/uploads\/2023\/06\/aymeric.webp\" class=\"attachment-post-thumbnail size-post-thumbnail wp-post-image\" alt=\"Aymeric  FREZE &#8211; Moniteur\" style=\"height:200px;object-fit:contain;\" srcset=\"https:\/\/as-grimper.fr\/wp-content\/uploads\/2023\/06\/aymeric.webp 300w, https:\/\/as-grimper.fr\/wp-content\/uploads\/2023\/06\/aymeric-150x150.webp 150w\" sizes=\"auto, (max-width: 300px) 100vw, 300px\" \/><\/a><\/figure>\n\n<div class=\"wp-block-post-excerpt\"><p class=\"wp-block-post-excerpt__excerpt\">Aymeric est l&rsquo;entraineur\/moniteur les lundis et mercredis du groupe comp\u00e9tition de Marseille <\/p><\/div>\n\n\n<hr class=\"wp-block-separator\"\/>\n\n<\/li><li class=\"wp-block-post post-80 post type-post status-publish format-standard hentry category-lequipe category-les-moniteurs\">\n\n<div class=\"wp-block-columns are-vertically-aligned-top is-layout-flex wp-container-core-columns-is-layout-9d6595d7 wp-block-columns-is-layout-flex\">\n<div class=\"wp-block-column is-vertically-aligned-top is-layout-flow wp-block-column-is-layout-flow\" style=\"flex-basis:100%\">\n<div class=\"wp-block-group\"><div class=\"wp-block-group__inner-container is-layout-flow wp-block-group-is-layout-flow\"><h3 class=\"has-text-align-center wp-block-post-title\"><a href=\"https:\/\/as-grimper.fr\/index.php\/2022\/04\/01\/francois-kaizer-moniteur\/\" target=\"_self\" >Fran\u00e7ois KAIZER &#8211; Moniteur<\/a><\/h3><\/div><\/div>\n<\/div>\n<\/div>\n\n\n<figure style=\"height:200px;\" class=\"aligncenter wp-block-post-featured-image\"><a href=\"https:\/\/as-grimper.fr\/index.php\/2022\/04\/01\/francois-kaizer-moniteur\/\" target=\"_self\"  style=\"height:200px\"><img loading=\"lazy\" decoding=\"async\" width=\"1057\" height=\"1318\" src=\"https:\/\/as-grimper.fr\/wp-content\/uploads\/2022\/04\/IMG_20220427_220829.jpg\" class=\"attachment-post-thumbnail size-post-thumbnail wp-post-image\" alt=\"Fran\u00e7ois KAIZER &#8211; Moniteur\" style=\"height:200px;object-fit:contain;\" srcset=\"https:\/\/as-grimper.fr\/wp-content\/uploads\/2022\/04\/IMG_20220427_220829.jpg 1057w, https:\/\/as-grimper.fr\/wp-content\/uploads\/2022\/04\/IMG_20220427_220829-241x300.jpg 241w, https:\/\/as-grimper.fr\/wp-content\/uploads\/2022\/04\/IMG_20220427_220829-821x1024.jpg 821w, https:\/\/as-grimper.fr\/wp-content\/uploads\/2022\/04\/IMG_20220427_220829-768x958.jpg 768w\" sizes=\"auto, (max-width: 1057px) 100vw, 1057px\" \/><\/a><\/figure>\n\n<div class=\"wp-block-post-excerpt\"><p class=\"wp-block-post-excerpt__excerpt\">Fran\u00e7ois est le moniteur du groupe comp\u00e9tition d&rsquo;Aix <\/p><\/div>\n\n\n<hr class=\"wp-block-separator\"\/>\n\n<\/li><li class=\"wp-block-post post-78 post type-post status-publish format-standard hentry category-lequipe category-les-moniteurs\">\n\n<div class=\"wp-block-columns are-vertically-aligned-top is-layout-flex wp-container-core-columns-is-layout-9d6595d7 wp-block-columns-is-layout-flex\">\n<div class=\"wp-block-column is-vertically-aligned-top is-layout-flow wp-block-column-is-layout-flow\" style=\"flex-basis:100%\">\n<div class=\"wp-block-group\"><div class=\"wp-block-group__inner-container is-layout-flow wp-block-group-is-layout-flow\"><h3 class=\"has-text-align-center wp-block-post-title\"><a href=\"https:\/\/as-grimper.fr\/index.php\/2022\/04\/01\/matthieu-audibert-moniteur\/\" target=\"_self\" >Matthieu AUDIBERT &#8211; Moniteur<\/a><\/h3><\/div><\/div>\n<\/div>\n<\/div>\n\n\n<figure style=\"height:200px;\" class=\"aligncenter wp-block-post-featured-image\"><a href=\"https:\/\/as-grimper.fr\/index.php\/2022\/04\/01\/matthieu-audibert-moniteur\/\" target=\"_self\"  style=\"height:200px\"><img loading=\"lazy\" decoding=\"async\" width=\"605\" height=\"489\" src=\"https:\/\/as-grimper.fr\/wp-content\/uploads\/2022\/05\/matthieu.png\" class=\"attachment-post-thumbnail size-post-thumbnail wp-post-image\" alt=\"Matthieu AUDIBERT &#8211; Moniteur\" style=\"height:200px;object-fit:contain;\" srcset=\"https:\/\/as-grimper.fr\/wp-content\/uploads\/2022\/05\/matthieu.png 605w, https:\/\/as-grimper.fr\/wp-content\/uploads\/2022\/05\/matthieu-300x242.png 300w\" sizes=\"auto, (max-width: 605px) 100vw, 605px\" \/><\/a><\/figure>\n\n<div class=\"wp-block-post-excerpt\"><p class=\"wp-block-post-excerpt__excerpt\">Matthieu est moniteur \u00e0 Aix les Milles <\/p><\/div>\n\n\n<hr class=\"wp-block-separator\"\/>\n\n<\/li><li class=\"wp-block-post post-69 post type-post status-publish format-standard hentry category-lequipe category-les-moniteurs\">\n\n<div class=\"wp-block-columns are-vertically-aligned-top is-layout-flex wp-container-core-columns-is-layout-9d6595d7 wp-block-columns-is-layout-flex\">\n<div class=\"wp-block-column is-vertically-aligned-top is-layout-flow wp-block-column-is-layout-flow\" style=\"flex-basis:100%\">\n<div class=\"wp-block-group\"><div class=\"wp-block-group__inner-container is-layout-flow wp-block-group-is-layout-flow\"><h3 class=\"has-text-align-center wp-block-post-title\"><a href=\"https:\/\/as-grimper.fr\/index.php\/2022\/04\/01\/ludivine-armand-monitrice\/\" target=\"_self\" >Ludivine ARMAND &#8211; Monitrice<\/a><\/h3><\/div><\/div>\n<\/div>\n<\/div>\n\n\n<figure style=\"height:200px;\" class=\"aligncenter wp-block-post-featured-image\"><a href=\"https:\/\/as-grimper.fr\/index.php\/2022\/04\/01\/ludivine-armand-monitrice\/\" target=\"_self\"  style=\"height:200px\"><img loading=\"lazy\" decoding=\"async\" width=\"1920\" height=\"2560\" src=\"https:\/\/as-grimper.fr\/wp-content\/uploads\/2022\/04\/20170422_151136-scaled.jpg\" class=\"attachment-post-thumbnail size-post-thumbnail wp-post-image\" alt=\"Ludivine ARMAND &#8211; Monitrice\" style=\"height:200px;object-fit:contain;\" srcset=\"https:\/\/as-grimper.fr\/wp-content\/uploads\/2022\/04\/20170422_151136-scaled.jpg 1920w, https:\/\/as-grimper.fr\/wp-content\/uploads\/2022\/04\/20170422_151136-225x300.jpg 225w, https:\/\/as-grimper.fr\/wp-content\/uploads\/2022\/04\/20170422_151136-768x1024.jpg 768w, https:\/\/as-grimper.fr\/wp-content\/uploads\/2022\/04\/20170422_151136-1152x1536.jpg 1152w, https:\/\/as-grimper.fr\/wp-content\/uploads\/2022\/04\/20170422_151136-1536x2048.jpg 1536w\" sizes=\"auto, (max-width: 1920px) 100vw, 1920px\" \/><\/a><\/figure>\n\n<div class=\"wp-block-post-excerpt\"><p class=\"wp-block-post-excerpt__excerpt\">Ludivine est la monitrice du groupe espoir et encadre les sorties falaise <\/p><\/div>\n\n\n<hr class=\"wp-block-separator\"\/>\n\n<\/li><li class=\"wp-block-post post-67 post type-post status-publish format-standard hentry category-lequipe category-les-moniteurs\">\n\n<div class=\"wp-block-columns are-vertically-aligned-top is-layout-flex wp-container-core-columns-is-layout-9d6595d7 wp-block-columns-is-layout-flex\">\n<div class=\"wp-block-column is-vertically-aligned-top is-layout-flow wp-block-column-is-layout-flow\" style=\"flex-basis:100%\">\n<div class=\"wp-block-group\"><div class=\"wp-block-group__inner-container is-layout-flow wp-block-group-is-layout-flow\"><h3 class=\"has-text-align-center wp-block-post-title\"><a href=\"https:\/\/as-grimper.fr\/index.php\/2022\/04\/01\/kenza-slamti-monitrice\/\" target=\"_self\" >Kenza SLAMTI &#8211; Monitrice<\/a><\/h3><\/div><\/div>\n<\/div>\n<\/div>\n\n\n<figure style=\"height:200px;\" class=\"aligncenter wp-block-post-featured-image\"><a href=\"https:\/\/as-grimper.fr\/index.php\/2022\/04\/01\/kenza-slamti-monitrice\/\" target=\"_self\"  style=\"height:200px\"><img loading=\"lazy\" decoding=\"async\" width=\"2560\" height=\"2560\" src=\"https:\/\/as-grimper.fr\/wp-content\/uploads\/2022\/05\/IMG_9178-scaled.jpeg\" class=\"attachment-post-thumbnail size-post-thumbnail wp-post-image\" alt=\"Kenza SLAMTI &#8211; Monitrice\" style=\"height:200px;object-fit:contain;\" srcset=\"https:\/\/as-grimper.fr\/wp-content\/uploads\/2022\/05\/IMG_9178-scaled.jpeg 2560w, https:\/\/as-grimper.fr\/wp-content\/uploads\/2022\/05\/IMG_9178-300x300.jpeg 300w, https:\/\/as-grimper.fr\/wp-content\/uploads\/2022\/05\/IMG_9178-1024x1024.jpeg 1024w, https:\/\/as-grimper.fr\/wp-content\/uploads\/2022\/05\/IMG_9178-150x150.jpeg 150w, https:\/\/as-grimper.fr\/wp-content\/uploads\/2022\/05\/IMG_9178-768x768.jpeg 768w, https:\/\/as-grimper.fr\/wp-content\/uploads\/2022\/05\/IMG_9178-1536x1536.jpeg 1536w, https:\/\/as-grimper.fr\/wp-content\/uploads\/2022\/05\/IMG_9178-2048x2048.jpeg 2048w\" sizes=\"auto, (max-width: 2560px) 100vw, 2560px\" \/><\/a><\/figure>\n\n<div class=\"wp-block-post-excerpt\"><p class=\"wp-block-post-excerpt__excerpt\">Kenza est la monitrice du groupe comp\u00e9tition le vendredi soir <\/p><\/div>\n\n\n<hr class=\"wp-block-separator\"\/>\n\n<\/li><li class=\"wp-block-post post-65 post type-post status-publish format-standard hentry category-lequipe category-lequipe-technique\">\n\n<div class=\"wp-block-columns are-vertically-aligned-top is-layout-flex wp-container-core-columns-is-layout-9d6595d7 wp-block-columns-is-layout-flex\">\n<div class=\"wp-block-column is-vertically-aligned-top is-layout-flow wp-block-column-is-layout-flow\" style=\"flex-basis:100%\">\n<div class=\"wp-block-group\"><div class=\"wp-block-group__inner-container is-layout-flow wp-block-group-is-layout-flow\"><h3 class=\"has-text-align-center wp-block-post-title\"><a href=\"https:\/\/as-grimper.fr\/index.php\/2022\/04\/01\/franck-borghino\/\" target=\"_self\" >Franck BORGHINO &#8211; B\u00e9n\u00e9vole<\/a><\/h3><\/div><\/div>\n<\/div>\n<\/div>\n\n\n<figure style=\"height:200px;\" class=\"aligncenter wp-block-post-featured-image\"><a href=\"https:\/\/as-grimper.fr\/index.php\/2022\/04\/01\/franck-borghino\/\" target=\"_self\"  style=\"height:200px\"><img loading=\"lazy\" decoding=\"async\" width=\"705\" height=\"758\" src=\"https:\/\/as-grimper.fr\/wp-content\/uploads\/2022\/04\/franck_ryten.jpeg\" class=\"attachment-post-thumbnail size-post-thumbnail wp-post-image\" alt=\"Franck BORGHINO &#8211; B\u00e9n\u00e9vole\" style=\"height:200px;object-fit:contain;\" srcset=\"https:\/\/as-grimper.fr\/wp-content\/uploads\/2022\/04\/franck_ryten.jpeg 705w, https:\/\/as-grimper.fr\/wp-content\/uploads\/2022\/04\/franck_ryten-279x300.jpeg 279w\" sizes=\"auto, (max-width: 705px) 100vw, 705px\" \/><\/a><\/figure>\n\n<div class=\"wp-block-post-excerpt\"><p class=\"wp-block-post-excerpt__excerpt\">Grimpeur, Surfeur, Kitesurfeur, Ing\u00e9nieur&#8230; il aime les truc en \u00ab\u00a0eur\u00a0\u00bb \ud83d\ude42 Franck a rejoint le bureau du club il y a &#8230; oh punaise, tr\u00e8s longtemps \ud83d\ude42 <\/p><\/div>\n\n\n<hr class=\"wp-block-separator\"\/>\n\n<\/li><li class=\"wp-block-post post-61 post type-post status-publish format-standard hentry category-lequipe category-lequipe-technique category-le-bureau category-les-moniteurs\">\n\n<div class=\"wp-block-columns are-vertically-aligned-top is-layout-flex wp-container-core-columns-is-layout-9d6595d7 wp-block-columns-is-layout-flex\">\n<div class=\"wp-block-column is-vertically-aligned-top is-layout-flow wp-block-column-is-layout-flow\" style=\"flex-basis:100%\">\n<div class=\"wp-block-group\"><div class=\"wp-block-group__inner-container is-layout-flow wp-block-group-is-layout-flow\"><h3 class=\"has-text-align-center wp-block-post-title\"><a href=\"https:\/\/as-grimper.fr\/index.php\/2022\/04\/01\/fabrice-agnello-secretaire-moniteur\/\" target=\"_self\" >Fabrice AGNELLO &#8211; Secr\u00e9taire\/Moniteur<\/a><\/h3><\/div><\/div>\n<\/div>\n<\/div>\n\n\n<figure style=\"height:200px;\" class=\"aligncenter wp-block-post-featured-image\"><a href=\"https:\/\/as-grimper.fr\/index.php\/2022\/04\/01\/fabrice-agnello-secretaire-moniteur\/\" target=\"_self\"  style=\"height:200px\"><img loading=\"lazy\" decoding=\"async\" width=\"2560\" height=\"1920\" src=\"https:\/\/as-grimper.fr\/wp-content\/uploads\/2022\/04\/IMG_4229-scaled.jpg\" class=\"attachment-post-thumbnail size-post-thumbnail wp-post-image\" alt=\"Fabrice AGNELLO &#8211; Secr\u00e9taire\/Moniteur\" style=\"height:200px;object-fit:contain;\" srcset=\"https:\/\/as-grimper.fr\/wp-content\/uploads\/2022\/04\/IMG_4229-scaled.jpg 2560w, https:\/\/as-grimper.fr\/wp-content\/uploads\/2022\/04\/IMG_4229-300x225.jpg 300w, https:\/\/as-grimper.fr\/wp-content\/uploads\/2022\/04\/IMG_4229-1024x768.jpg 1024w, https:\/\/as-grimper.fr\/wp-content\/uploads\/2022\/04\/IMG_4229-768x576.jpg 768w, https:\/\/as-grimper.fr\/wp-content\/uploads\/2022\/04\/IMG_4229-1536x1152.jpg 1536w, https:\/\/as-grimper.fr\/wp-content\/uploads\/2022\/04\/IMG_4229-2048x1536.jpg 2048w\" sizes=\"auto, (max-width: 2560px) 100vw, 2560px\" \/><\/a><\/figure>\n\n<div class=\"wp-block-post-excerpt\"><p class=\"wp-block-post-excerpt__excerpt\">Fabrice est moniteur \u00e0 Marseille <\/p><\/div>\n\n\n<hr class=\"wp-block-separator\"\/>\n\n<\/li><li class=\"wp-block-post post-47 post type-post status-publish format-standard hentry category-lequipe category-le-bureau\">\n\n<div class=\"wp-block-columns are-vertically-aligned-top is-layout-flex wp-container-core-columns-is-layout-9d6595d7 wp-block-columns-is-layout-flex\">\n<div class=\"wp-block-column is-vertically-aligned-top is-layout-flow wp-block-column-is-layout-flow\" style=\"flex-basis:100%\">\n<div class=\"wp-block-group\"><div class=\"wp-block-group__inner-container is-layout-flow wp-block-group-is-layout-flow\"><h3 class=\"has-text-align-center wp-block-post-title\"><a href=\"https:\/\/as-grimper.fr\/index.php\/2022\/04\/01\/pascale-guillem-tresoriere\/\" target=\"_self\" >Pascale GUILLEM &#8211; Tr\u00e9sori\u00e8re\/Monitrice<\/a><\/h3><\/div><\/div>\n<\/div>\n<\/div>\n\n\n<figure style=\"height:200px;\" class=\"aligncenter wp-block-post-featured-image\"><a href=\"https:\/\/as-grimper.fr\/index.php\/2022\/04\/01\/pascale-guillem-tresoriere\/\" target=\"_self\"  style=\"height:200px\"><img loading=\"lazy\" decoding=\"async\" width=\"362\" height=\"464\" src=\"https:\/\/as-grimper.fr\/wp-content\/uploads\/2022\/04\/IMG_20220415_102424.jpg\" class=\"attachment-post-thumbnail size-post-thumbnail wp-post-image\" alt=\"Pascale GUILLEM &#8211; Tr\u00e9sori\u00e8re\/Monitrice\" style=\"height:200px;object-fit:contain;\" srcset=\"https:\/\/as-grimper.fr\/wp-content\/uploads\/2022\/04\/IMG_20220415_102424.jpg 362w, https:\/\/as-grimper.fr\/wp-content\/uploads\/2022\/04\/IMG_20220415_102424-234x300.jpg 234w\" sizes=\"auto, (max-width: 362px) 100vw, 362px\" \/><\/a><\/figure>\n\n<div class=\"wp-block-post-excerpt\"><p class=\"wp-block-post-excerpt__excerpt\">Pascale est la tr\u00e9sori\u00e8re de l&rsquo;AS GRIMPER et monitrice des groupes loisirs du mercredi \u00e0 Marseille <\/p><\/div>\n\n\n<hr class=\"wp-block-separator\"\/>\n\n<\/li><li class=\"wp-block-post post-38 post type-post status-publish format-standard hentry category-lequipe category-le-bureau\">\n\n<div class=\"wp-block-columns are-vertically-aligned-top is-layout-flex wp-container-core-columns-is-layout-9d6595d7 wp-block-columns-is-layout-flex\">\n<div class=\"wp-block-column is-vertically-aligned-top is-layout-flow wp-block-column-is-layout-flow\" style=\"flex-basis:100%\">\n<div class=\"wp-block-group\"><div class=\"wp-block-group__inner-container is-layout-flow wp-block-group-is-layout-flow\"><h3 class=\"has-text-align-center wp-block-post-title\"><a href=\"https:\/\/as-grimper.fr\/index.php\/2022\/04\/01\/christine-slamti-presidente\/\" target=\"_self\" >Christine SLAMTI &#8211; Pr\u00e9sidente<\/a><\/h3><\/div><\/div>\n<\/div>\n<\/div>\n\n\n<figure style=\"height:200px;\" class=\"aligncenter wp-block-post-featured-image\"><a href=\"https:\/\/as-grimper.fr\/index.php\/2022\/04\/01\/christine-slamti-presidente\/\" target=\"_self\"  style=\"height:200px\"><img loading=\"lazy\" decoding=\"async\" width=\"480\" height=\"488\" src=\"https:\/\/as-grimper.fr\/wp-content\/uploads\/2022\/04\/christine-et-sam.png\" class=\"attachment-post-thumbnail size-post-thumbnail wp-post-image\" alt=\"Christine SLAMTI &#8211; Pr\u00e9sidente\" style=\"height:200px;object-fit:contain;\" srcset=\"https:\/\/as-grimper.fr\/wp-content\/uploads\/2022\/04\/christine-et-sam.png 480w, https:\/\/as-grimper.fr\/wp-content\/uploads\/2022\/04\/christine-et-sam-295x300.png 295w\" sizes=\"auto, (max-width: 480px) 100vw, 480px\" \/><\/a><\/figure>\n\n<div class=\"wp-block-post-excerpt\"><p class=\"wp-block-post-excerpt__excerpt\">Pr\u00e9sidente de l&rsquo;association. Elle peut toujours compter sur son mari pour l&#8217;emmener d\u00e9compresser dans des endroits paradisiaques ! <\/p><\/div>\n\n\n<hr class=\"wp-block-separator\"\/>\n\n<\/li><\/ul><\/div>\n\n\n\n<p><\/p>\n","protected":false},"excerpt":{"rendered":"","protected":false},"author":6,"featured_media":0,"parent":0,"menu_order":0,"comment_status":"closed","ping_status":"closed","template":"","meta":{"footnotes":""},"class_list":["post-37","page","type-page","status-publish","hentry"],"publishpress_future_action":{"enabled":false,"date":"2026-04-29 09:21:53","action":"change-status","newStatus":"draft","terms":[],"taxonomy":""},"_links":{"self":[{"href":"https:\/\/as-grimper.fr\/index.php\/wp-json\/wp\/v2\/pages\/37","targetHints":{"allow":["GET"]}}],"collection":[{"href":"https:\/\/as-grimper.fr\/index.php\/wp-json\/wp\/v2\/pages"}],"about":[{"href":"https:\/\/as-grimper.fr\/index.php\/wp-json\/wp\/v2\/types\/page"}],"author":[{"embeddable":true,"href":"https:\/\/as-grimper.fr\/index.php\/wp-json\/wp\/v2\/users\/6"}],"replies":[{"embeddable":true,"href":"https:\/\/as-grimper.fr\/index.php\/wp-json\/wp\/v2\/comments?post=37"}],"version-history":[{"count":13,"href":"https:\/\/as-grimper.fr\/index.php\/wp-json\/wp\/v2\/pages\/37\/revisions"}],"predecessor-version":[{"id":305,"href":"https:\/\/as-grimper.fr\/index.php\/wp-json\/wp\/v2\/pages\/37\/revisions\/305"}],"wp:attachment":[{"href":"https:\/\/as-grimper.fr\/index.php\/wp-json\/wp\/v2\/media?parent=37"}],"curies":[{"name":"wp","href":"https:\/\/api.w.org\/{rel}","templated":true}]}}